{"id":3020,"date":"2026-01-03T12:32:37","date_gmt":"2026-01-03T19:32:37","guid":{"rendered":"https:\/\/cripe.ca\/?page_id=3020"},"modified":"2026-01-05T17:17:10","modified_gmt":"2026-01-06T00:17:10","slug":"seminaires","status":"publish","type":"page","link":"https:\/\/cripe.ca\/fr\/seminaires","title":{"rendered":"Atelier sur la glace de rivi\u00e8re"},"content":{"rendered":"<div class=\"wp-block-cover alignfull\" style=\"min-height:40vh;aspect-ratio:unset;\"><img loading=\"lazy\" decoding=\"async\" width=\"1024\" height=\"768\" sizes=\"auto, (max-width: 799px) 200vw, (max-width: 1600px) 100vw, 1600px\" class=\"wp-block-cover__image-background wp-image-2726 size-large\" alt=\"\" src=\"https:\/\/cripe.ca\/wp-content\/uploads\/2025\/12\/PeaceRiverHummockyIce-large-1024x768.jpg\" data-object-fit=\"cover\" srcset=\"https:\/\/cripe.ca\/wp-content\/uploads\/2025\/12\/PeaceRiverHummockyIce-large-1024x768.jpg 1024w, https:\/\/cripe.ca\/wp-content\/uploads\/2025\/12\/PeaceRiverHummockyIce-large-300x225.jpg 300w, https:\/\/cripe.ca\/wp-content\/uploads\/2025\/12\/PeaceRiverHummockyIce-large-768x576.jpg 768w, https:\/\/cripe.ca\/wp-content\/uploads\/2025\/12\/PeaceRiverHummockyIce-large-1536x1152.jpg 1536w, https:\/\/cripe.ca\/wp-content\/uploads\/2025\/12\/PeaceRiverHummockyIce-large-16x12.jpg 16w, https:\/\/cripe.ca\/wp-content\/uploads\/2025\/12\/PeaceRiverHummockyIce-large.jpg 1600w\" \/><span aria-hidden=\"true\" class=\"wp-block-cover__background has-background-dim\"><\/span><div class=\"wp-block-cover__inner-container has-global-padding is-layout-constrained wp-block-cover-is-layout-constrained\">\n<h1 class=\"wp-block-heading has-text-align-center acai-balanced-text\" id=\"workshop-on-the-hydraulics-of-ice-covered-rivers\">atelier sur la glace de rivi\u00e8re<\/h1>\n\n\n\n<div class=\"wp-block-group is-vertical is-content-justification-center is-layout-flex wp-container-core-group-is-layout-ce155fab wp-block-group-is-layout-flex\">\n<p class=\"has-text-align-left\" style=\"margin-right:0;margin-left:0;padding-right:0;padding-left:0\">Le prochain atelier sur la glace fluviale aura lieu en 2027. Plus de d\u00e9tails seront annonc\u00e9s au d\u00e9but de 2026.<\/p>\n\n\n\n<div class=\"wp-block-buttons is-layout-flex wp-block-buttons-is-layout-flex\" style=\"margin-top:var(--wp--preset--spacing--30);margin-bottom:var(--wp--preset--spacing--30)\">\n<div class=\"wp-block-button is-style-fill\"><a class=\"wp-block-button__link wp-element-button\" href=\"https:\/\/cripe.ca\/fr\/seminaires\/23-st-johns\/\">Informations sur l'atelier 2025<\/a><\/div>\n<\/div>\n<\/div>\n<\/div><\/div>\n\n\n\n<div class=\"wp-block-group alignfull has-background-fade-1-gradient-background has-background has-global-padding is-layout-constrained wp-container-core-group-is-layout-1e70d0aa wp-block-group-is-layout-constrained\" style=\"margin-top:0;margin-bottom:0;padding-top:var(--wp--preset--spacing--40);padding-bottom:var(--wp--preset--spacing--40)\">\n<p class=\"has-large-font-size\" style=\"border-left-color:var(--wp--preset--color--custom-cripe-d-1);border-left-width:4px;padding-left:var(--wp--preset--spacing--30)\" data-acai-animate=\"fade-in-left\" data-acai-duration=\"1.4\" data-acai-delay=\"0\" data-acai-offset=\"10\" data-acai-scale=\"0.1\" data-acai-animation-state=\"initial\">Le CRIPE organise tous les deux ans un atelier sur l'hydraulique des rivi\u00e8res couvertes de glace pour promouvoir la recherche li\u00e9e \u00e0 la glace de rivi\u00e8re. Les participants comprennent des \u00e9tudiants, des chercheurs et des praticiens de partout en Am\u00e9rique du Nord et \u00e0 l'\u00e9tranger.<\/p>\n\n\n\n<p class=\"has-small-font-size\" style=\"padding-top:var(--wp--preset--spacing--30);padding-left:var(--wp--preset--spacing--30)\" data-acai-animate=\"fade-in-right\" data-acai-duration=\"1.4\" data-acai-delay=\"0\" data-acai-offset=\"10\" data-acai-scale=\"0.1\" data-acai-animation-state=\"initial\">Une archive des actes et documents des conf\u00e9rences pass\u00e9es est disponible pour la recherche.<\/p>\n\n\n\n<div class=\"wp-block-buttons is-content-justification-left is-layout-flex wp-container-core-buttons-is-layout-4c53b2b0 wp-block-buttons-is-layout-flex\" style=\"margin-top:var(--wp--preset--spacing--20);padding-left:var(--wp--preset--spacing--20)\" data-acai-animate=\"fade-in-right\" data-acai-duration=\"1.4\" data-acai-delay=\"0\" data-acai-offset=\"10\" data-acai-scale=\"0.1\" data-acai-animation-state=\"initial\">\n<div class=\"wp-block-button\"><a class=\"wp-block-button__link wp-element-button\" href=\"https:\/\/cripe.ca\/fr\/publications\/proceedings\/\">Index des actes<\/a><\/div>\n\n\n\n<div class=\"wp-block-button\"><a class=\"wp-block-button__link wp-element-button\" href=\"https:\/\/cripe.ca\/fr\/publications\/proceedings\/search\/\">Consulter les actes<\/a><\/div>\n<\/div>\n<\/div>\n\n\n\n<div class=\"wp-block-group alignwide has-global-padding is-layout-constrained wp-container-core-group-is-layout-32db0cc3 wp-block-group-is-layout-constrained\" style=\"margin-top:var(--wp--preset--spacing--50);margin-bottom:var(--wp--preset--spacing--50)\">\n<div class=\"wp-block-group alignwide is-layout-flow wp-block-group-is-layout-flow\">\n<div class=\"wp-block-columns is-layout-flex wp-container-core-columns-is-layout-e2c3cc00 wp-block-columns-is-layout-flex\">\n<div class=\"wp-block-column is-vertically-aligned-center is-layout-flow wp-container-core-column-is-layout-f5bb311e wp-block-column-is-layout-flow\">\n<h2 class=\"wp-block-heading\" id=\"technical-program-themes\" data-acai-animate=\"fade-in-left\" data-acai-duration=\"1.4\" data-acai-delay=\"0\" data-acai-offset=\"10\" data-acai-scale=\"0.1\" data-acai-animation-state=\"initial\">Th\u00e8mes des programmes techniques<\/h2>\n\n\n\n<ul class=\"wp-block-list is-style-tw-dash\" data-acai-animate=\"fade-in-left\" data-acai-duration=\"1.4\" data-acai-delay=\"0.2\" data-acai-offset=\"10\" data-acai-scale=\"0.1\" data-acai-animation-state=\"initial\">\n<li>Processus de gel et de rupture<\/li>\n\n\n\n<li>Mod\u00e9lisation num\u00e9rique et physique<\/li>\n\n\n\n<li>Hydrologie hivernale<\/li>\n\n\n\n<li>Processus de glace et environnement<\/li>\n\n\n\n<li>Surveillance sur le terrain et \u00e9tudes de cas<\/li>\n\n\n\n<li>R\u00e9gulation des glaces et des rivi\u00e8res<\/li>\n\n\n\n<li>Les emb\u00e2cles et la pr\u00e9vision des d\u00e9b\u00e2cles<\/li>\n\n\n\n<li>Application de l'intelligence artificielle \u00e0 la glace fluviale<\/li>\n\n\n\n<li>Glace et infrastructures<\/li>\n\n\n\n<li>Poisson et glace<\/li>\n\n\n\n<li>Glace et changement climatique<\/li>\n<\/ul>\n<\/div>\n\n\n\n<div class=\"wp-block-column is-layout-flow wp-block-column-is-layout-flow\">\n<figure class=\"wp-block-image size-full has-custom-border\" data-acai-animate=\"fade-in-right\" data-acai-duration=\"1.4\" data-acai-delay=\"0\" data-acai-offset=\"10\" data-acai-scale=\"0.1\" data-acai-animation-state=\"initial\"><img loading=\"lazy\" decoding=\"async\" width=\"1600\" height=\"850\" src=\"https:\/\/cripe.ca\/wp-content\/uploads\/2022\/09\/Workshop2015.jpg\" alt=\"\" class=\"wp-image-250\" style=\"border-radius:9px;aspect-ratio:4\/3;object-fit:cover\" srcset=\"https:\/\/cripe.ca\/wp-content\/uploads\/2022\/09\/Workshop2015.jpg 1600w, https:\/\/cripe.ca\/wp-content\/uploads\/2022\/09\/Workshop2015-300x159.jpg 300w, https:\/\/cripe.ca\/wp-content\/uploads\/2022\/09\/Workshop2015-1024x544.jpg 1024w, https:\/\/cripe.ca\/wp-content\/uploads\/2022\/09\/Workshop2015-768x408.jpg 768w, https:\/\/cripe.ca\/wp-content\/uploads\/2022\/09\/Workshop2015-1536x816.jpg 1536w, https:\/\/cripe.ca\/wp-content\/uploads\/2022\/09\/Workshop2015-18x10.jpg 18w\" sizes=\"auto, (max-width: 1600px) 100vw, 1600px\" \/><\/figure>\n<\/div>\n<\/div>\n<\/div>\n\n\n\n<div class=\"wp-block-group alignfull has-global-padding is-layout-constrained wp-container-core-group-is-layout-7db9d80f wp-block-group-is-layout-constrained\" style=\"padding-right:0;padding-left:0\">\n<div class=\"wp-block-columns alignwide tw-cols-stack-md is-layout-flex wp-container-core-columns-is-layout-d4273f21 wp-block-columns-is-layout-flex\">\n<div class=\"wp-block-column is-layout-flow wp-block-column-is-layout-flow\">\n<h2 class=\"wp-block-heading has-text-align-right\" id=\"instructions-for-authors\" data-acai-animate=\"fade-in-left\" data-acai-duration=\"1.4\" data-acai-delay=\"0\" data-acai-offset=\"10\" data-acai-scale=\"0.1\" data-acai-animation-state=\"initial\">Instructions aux auteurs<\/h2>\n<\/div>\n\n\n\n<div class=\"wp-block-column is-layout-flow wp-block-column-is-layout-flow\" data-acai-animate=\"fade-in-up-right\" data-acai-duration=\"1.4\" data-acai-delay=\"0\" data-acai-offset=\"10\" data-acai-scale=\"0.1\" data-acai-animation-state=\"initial\">\n<p class=\"has-medium-font-size\">Les auteurs doivent utiliser le mod\u00e8le de document MS Word actuel pour pr\u00e9parer leurs articles. Les articles complets doivent \u00eatre soumis avant le 9 mai.<\/p>\n\n\n\n<p class=\"has-medium-font-size\">Veuillez pr\u00e9voir une pr\u00e9sentation de 17 minutes (12 minutes pour les \u00e9tudiants). Chaque cr\u00e9neau est de 20 minutes (15 minutes pour les \u00e9tudiants), avec 3 minutes pour les questions.<\/p>\n\n\n\n<details class=\"wp-block-details is-layout-flow wp-container-core-details-is-layout-281cc721 wp-block-details-is-layout-flow tw-has-icon\" style=\"border-top-width:1px;border-bottom-color:var(--wp--preset--color--tertiary);border-bottom-width:1px;padding-top:24px;padding-bottom:24px\"><summary>Instructions pour la soumission des affiches<svg class=\"details-arrow\" xmlns=\"http:\/\/www.w3.org\/2000\/svg\" width=\"24\" height=\"24\" viewbox=\"0 0 24 24\" version=\"1.1\" aria-hidden=\"true\" focusable=\"false\"><path d=\"m12 15.375-6-6 1.4-1.4 4.6 4.6 4.6-4.6 1.4 1.4-6 6Z\"><\/path><\/svg><\/summary>\n<ul class=\"wp-block-list\">\n<li>Largeur maximale 45 pouces<\/li>\n\n\n\n<li>Hauteur maximale 45 pouces<\/li>\n\n\n\n<li>Utilisez le <a href=\"https:\/\/cripe.ca\/wp-content\/uploads\/2025\/03\/CRIPE_Poster_Template_2025.docx\">mod\u00e8le de r\u00e9sum\u00e9 d'affiche<\/a> pour que votre affiche soit incluse dans les actes.<\/li>\n\n\n\n<li>Veuillez apporter votre affiche \u00e0 installer lors d'une des pauses du matin le lundi ou lors du brise-glace le dimanche.<\/li>\n\n\n\n<li><strong>Pr\u00e9parez-vous \u00e0 pr\u00e9senter une introduction de 2 \u00e0 4 minutes \u00e0 votre affiche lundi apr\u00e8s-midi. <\/strong>Cette introduction rapide permettra aux participants \u00e0 l'atelier de vous conna\u00eetre et de savoir o\u00f9 se trouve votre affiche. Veuillez ne pas apporter de diapositives pour cette pr\u00e9sentation.<\/li>\n<\/ul>\n<\/details>\n\n\n\n<div class=\"wp-block-buttons is-layout-flex wp-block-buttons-is-layout-flex\" style=\"margin-top:32px\">\n<div class=\"wp-block-button\"><a class=\"wp-block-button__link wp-element-button\" href=\"https:\/\/cripe.ca\/wp-content\/uploads\/2025\/03\/CRIPE_Paper_Template_2025.docx\"><span class=\"wp-rich-text-font-awesome-icon wp-font-awesome-icon\"><svg aria-hidden=\"true\" focusable=\"false\" data-prefix=\"fas\" data-icon=\"download\" class=\"svg-inline--fa fa-download\" role=\"img\" xmlns=\"http:\/\/www.w3.org\/2000\/svg\" viewbox=\"0 0 512 512\"><path fill=\"currentColor\" d=\"M288 32c0-17.7-14.3-32-32-32s-32 14.3-32 32V274.7l-73.4-73.4c-12.5-12.5-32.8-12.5-45.3 0s-12.5 32.8 0 45.3l128 128c12.5 12.5 32.8 12.5 45.3 0l128-128c12.5-12.5 12.5-32.8 0-45.3s-32.8-12.5-45.3 0L288 274.7V32zM64 352c-35.3 0-64 28.7-64 64v32c0 35.3 28.7 64 64 64H448c35.3 0 64-28.7 64-64V416c0-35.3-28.7-64-64-64H346.5l-45.3 45.3c-25 25-65.5 25-90.5 0L165.5 352H64zm368 56a24 24 0 1 1 0 48 24 24 0 1 1 0-48z\"><\/path><\/svg><\/span> T\u00e9l\u00e9charger le mod\u00e8le<\/a><\/div>\n\n\n\n<div class=\"wp-block-button tw-lg-hidden tw-md-hidden tw-sm-hidden\"><a class=\"wp-block-button__link wp-element-button\"><span class=\"wp-rich-text-font-awesome-icon wp-font-awesome-icon\"><svg aria-hidden=\"true\" focusable=\"false\" data-prefix=\"fas\" data-icon=\"file-arrow-up\" class=\"svg-inline--fa fa-file-arrow-up\" role=\"img\" xmlns=\"http:\/\/www.w3.org\/2000\/svg\" viewbox=\"0 0 384 512\"><path fill=\"currentColor\" d=\"M64 0C28.7 0 0 28.7 0 64V448c0 35.3 28.7 64 64 64H320c35.3 0 64-28.7 64-64V160H256c-17.7 0-32-14.3-32-32V0H64zM256 0V128H384L256 0zM216 408c0 13.3-10.7 24-24 24s-24-10.7-24-24V305.9l-31 31c-9.4 9.4-24.6 9.4-33.9 0s-9.4-24.6 0-33.9l72-72c9.4-9.4 24.6-9.4 33.9 0l72 72c9.4 9.4 9.4 24.6 0 33.9s-24.6 9.4-33.9 0l-31-31V408z\"><\/path><\/svg><\/span> Formulaire de soumission<\/a><\/div>\n<\/div>\n<\/div>\n<\/div>\n<\/div>\n<\/div>","protected":false},"excerpt":{"rendered":"<p>CRIPE organizes a Workshop on the Hydraulics of Ice Covered Rivers every two years to promote research related to river ice. Participants include students, researchers, and practitioners from across North America and overseas. The complete library of past conference proceedings and papers can be accessed any time. Technical Program Themes Instructions for Authors Authors must [&hellip;]<\/p>","protected":false},"author":1,"featured_media":0,"parent":0,"menu_order":0,"comment_status":"closed","ping_status":"closed","template":"no-title","meta":{"_acf_changed":false,"_gspb_post_css":"","footnotes":""},"class_list":["post-3020","page","type-page","status-publish","hentry"],"acf":[],"_links":{"self":[{"href":"https:\/\/cripe.ca\/fr\/wp-json\/wp\/v2\/pages\/3020","targetHints":{"allow":["GET"]}}],"collection":[{"href":"https:\/\/cripe.ca\/fr\/wp-json\/wp\/v2\/pages"}],"about":[{"href":"https:\/\/cripe.ca\/fr\/wp-json\/wp\/v2\/types\/page"}],"author":[{"embeddable":true,"href":"https:\/\/cripe.ca\/fr\/wp-json\/wp\/v2\/users\/1"}],"replies":[{"embeddable":true,"href":"https:\/\/cripe.ca\/fr\/wp-json\/wp\/v2\/comments?post=3020"}],"version-history":[{"count":25,"href":"https:\/\/cripe.ca\/fr\/wp-json\/wp\/v2\/pages\/3020\/revisions"}],"predecessor-version":[{"id":3170,"href":"https:\/\/cripe.ca\/fr\/wp-json\/wp\/v2\/pages\/3020\/revisions\/3170"}],"wp:attachment":[{"href":"https:\/\/cripe.ca\/fr\/wp-json\/wp\/v2\/media?parent=3020"}],"curies":[{"name":"wp","href":"https:\/\/api.w.org\/{rel}","templated":true}]}}