{"id":289,"date":"2022-09-04T23:34:54","date_gmt":"2022-09-05T05:34:54","guid":{"rendered":"http:\/\/shaksnas2.local\/cripe-wp-dev\/?page_id=289"},"modified":"2026-01-04T13:52:10","modified_gmt":"2026-01-04T20:52:10","slug":"s-abonner","status":"publish","type":"page","link":"https:\/\/cripe.ca\/fr\/s-abonner","title":{"rendered":"S'abonner"},"content":{"rendered":"<p>Vous voulez rester au courant\u00a0? Veuillez fournir vos coordonn\u00e9es ci-dessous pour recevoir des informations importantes sur nos ateliers et autres mises \u00e0 jour r\u00e9guli\u00e8res.<\/p>\n\n\n\n<div class=\"wp-block-group has-global-padding is-layout-constrained wp-block-group-is-layout-constrained\" style=\"padding-top:var(--wp--preset--spacing--20);padding-bottom:var(--wp--preset--spacing--40)\">\n<div id=\"mc_embed_shell\">\n      <link href=\"\/\/cdn-images.mailchimp.com\/embedcode\/classic-061523.css\" rel=\"stylesheet\" type=\"text\/css\">\n  <style type=\"text\/css\">\n        \/* Add your own Mailchimp form style overrides in your site stylesheet or in this style block.\n           We recommend moving this block and the preceding CSS link to the HEAD of your HTML file. *\/\n<\/style>\n<div id=\"mc_embed_signup\">\n    <form action=\"https:\/\/cripe.us5.list-manage.com\/subscribe\/post?u=99dcb6153698668e50a94b634&amp;id=28dde1f587&amp;f_id=005d46edf0\" method=\"post\" id=\"mc-embedded-subscribe-form\" name=\"mc-embedded-subscribe-form\" class=\"validate\" target=\"_self\" novalidate=\"\">\n        <div id=\"mc_embed_signup_scroll\">\n            <div class=\"indicates-required\"><span class=\"asterisk\">*<\/span> r\u00e9ponse requise<\/div>\n            <div class=\"mc-field-group\"><label for=\"mce-EMAIL\">adresse \u00e9lectronique <span class=\"asterisk\">*<\/span><\/label><input type=\"email\" name=\"EMAIL\" class=\"required email\" id=\"mce-EMAIL\" required=\"\" value=\"\"><\/div><div class=\"mc-field-group\"><label for=\"mce-FNAME\">pr\u00e9nom <span class=\"asterisk\">*<\/span><\/label><input type=\"text\" name=\"FNAME\" class=\"required text\" id=\"mce-FNAME\" required=\"\" value=\"\"><\/div><div class=\"mc-field-group\"><label for=\"mce-LNAME\">nom de famille <span class=\"asterisk\">*<\/span><\/label><input type=\"text\" name=\"LNAME\" class=\"required text\" id=\"mce-LNAME\" required=\"\" value=\"\"><\/div>\n        <div id=\"mce-responses\" class=\"clear foot\">\n            <div class=\"response\" id=\"mce-error-response\" style=\"display: none;\"><\/div>\n            <div class=\"response\" id=\"mce-success-response\" style=\"display: none;\"><\/div>\n        <\/div>\n    <div aria-hidden=\"true\" style=\"position: absolute; left: -5000px;\">\n        \/* real people should not fill this in and expect good things &#8211; do not remove this or risk form bot signups *\/\n        <input type=\"text\" name=\"b_99dcb6153698668e50a94b634_28dde1f587\" tabindex=\"-1\" value=\"\">\n    <\/div>\n        <div class=\"optionalParent\">\n            <div class=\"clear foot\">\n                <input type=\"submit\" name=\"subscribe\" id=\"mc-embedded-subscribe\" class=\"button\" value=\"S&#039;abonner\">\n                <p style=\"margin: 0px auto;\"><a href=\"http:\/\/eepurl.com\/jwbzFI\" title=\"Mailchimp - email marketing made easy and fun\"><span style=\"display: inline-block; background-color: transparent; border-radius: 4px;\"><img decoding=\"async\" class=\"refferal_badge\" src=\"https:\/\/digitalasset.intuit.com\/render\/content\/dam\/intuit\/mc-fe\/en_us\/images\/intuit-mc-rewards-text-dark.svg\" alt=\"Intuit Mailchimp\" style=\"width: 220px; height: 40px; display: flex; padding: 2px 0px; justify-content: center; align-items: center;\"><\/span><\/a><\/p>\n            <\/div>\n        <\/div>\n    <\/div>\n<\/form>\n<\/div>\n<\/div>\n<\/div>","protected":false},"excerpt":{"rendered":"<p>Want to stay informed? Provide your contact information below to receive important news about our workshops and other periodic updates. * indicates required Email Address * First Name * Last Name * \/* real people should not fill this in and expect good things &#8211; do not remove this or risk form bot signups *\/<\/p>","protected":false},"author":1,"featured_media":0,"parent":0,"menu_order":0,"comment_status":"closed","ping_status":"closed","template":"","meta":{"_acf_changed":false,"_gspb_post_css":"","footnotes":""},"class_list":["post-289","page","type-page","status-publish","hentry"],"acf":[],"_links":{"self":[{"href":"https:\/\/cripe.ca\/fr\/wp-json\/wp\/v2\/pages\/289","targetHints":{"allow":["GET"]}}],"collection":[{"href":"https:\/\/cripe.ca\/fr\/wp-json\/wp\/v2\/pages"}],"about":[{"href":"https:\/\/cripe.ca\/fr\/wp-json\/wp\/v2\/types\/page"}],"author":[{"embeddable":true,"href":"https:\/\/cripe.ca\/fr\/wp-json\/wp\/v2\/users\/1"}],"replies":[{"embeddable":true,"href":"https:\/\/cripe.ca\/fr\/wp-json\/wp\/v2\/comments?post=289"}],"version-history":[{"count":18,"href":"https:\/\/cripe.ca\/fr\/wp-json\/wp\/v2\/pages\/289\/revisions"}],"predecessor-version":[{"id":3132,"href":"https:\/\/cripe.ca\/fr\/wp-json\/wp\/v2\/pages\/289\/revisions\/3132"}],"wp:attachment":[{"href":"https:\/\/cripe.ca\/fr\/wp-json\/wp\/v2\/media?parent=289"}],"curies":[{"name":"wp","href":"https:\/\/api.w.org\/{rel}","templated":true}]}}