{"id":216,"date":"2022-09-04T17:23:49","date_gmt":"2022-09-04T23:23:49","guid":{"rendered":"http:\/\/shaksnas2.local\/cripe-wp-dev\/?page_id=216"},"modified":"2026-01-02T15:00:24","modified_gmt":"2026-01-02T22:00:24","slug":"prix-et-distinctions","status":"publish","type":"page","link":"https:\/\/cripe.ca\/fr\/prix-et-distinctions","title":{"rendered":"Prix et distinctions"},"content":{"rendered":"<p class=\"w3-padding-32 w3-xlarge\">Les trois prix prestigieux d\u00e9cern\u00e9s par le Comit\u00e9 r\u00e9compensent le travail exemplaire des chercheurs et des praticiens dans le domaine de l\u2019ing\u00e9nierie et des sciences de la glace fluviale.<\/p>\n\n\n\n<hr class=\"wp-block-separator has-alpha-channel-opacity is-style-wide\" style=\"margin-top:32px;margin-bottom:64px\"\/>\n\n\n\n<div class=\"wp-block-query alignwide has-global-padding is-layout-constrained wp-block-query-is-layout-constrained\"><ul style=\"padding-top:0;padding-bottom:0;\" class=\"wp-block-post-template is-layout-flow wp-container-core-post-template-is-layout-11461ff0 wp-block-post-template-is-layout-flow\"><li class=\"wp-block-post post-2772 post type-post status-publish format-standard has-post-thumbnail hentry category-awards\">\n\n<div class=\"wp-block-columns is-layout-flex wp-container-core-columns-is-layout-d4273f21 wp-block-columns-is-layout-flex\">\n<div class=\"wp-block-column is-layout-flow wp-block-column-is-layout-flow\" style=\"flex-basis:35%\"><figure style=\"aspect-ratio:1;\" class=\"wp-block-post-featured-image\"><a href=\"https:\/\/cripe.ca\/fr\/prix-et-distinctions\/michel\" target=\"_self\"  ><img loading=\"lazy\" decoding=\"async\" width=\"350\" height=\"313\" src=\"https:\/\/cripe.ca\/wp-content\/uploads\/2022\/12\/Michel.jpg\" class=\"attachment-post-thumbnail size-post-thumbnail wp-post-image\" alt=\"Prix \u200b\u200bBernard Michel\" style=\"width:100%;height:100%;object-fit:cover;\" srcset=\"https:\/\/cripe.ca\/wp-content\/uploads\/2022\/12\/Michel.jpg 350w, https:\/\/cripe.ca\/wp-content\/uploads\/2022\/12\/Michel-300x268.jpg 300w, https:\/\/cripe.ca\/wp-content\/uploads\/2022\/12\/Michel-13x12.jpg 13w\" sizes=\"auto, (max-width: 350px) 100vw, 350px\" \/><\/a><\/figure><\/div>\n\n\n\n<div class=\"wp-block-column is-vertically-aligned-center is-layout-flow wp-block-column-is-layout-flow\"><h3 class=\"wp-block-post-title\"><a href=\"https:\/\/cripe.ca\/fr\/prix-et-distinctions\/michel\" target=\"_self\" >Prix \u200b\u200bBernard Michel<\/a><\/h3>\n\n<div style=\"margin-top:16px;\" class=\"wp-block-post-excerpt\"><p class=\"wp-block-post-excerpt__excerpt\">Le prix Michel a \u00e9t\u00e9 cr\u00e9\u00e9 par le Comit\u00e9 en 2001 afin de reconna\u00eetre et de comm\u00e9morer la contribution du Dr Bernard Michel au domaine de l\u2019ing\u00e9nierie des glaces fluviales. Cette m\u00e9daille honore d\u2019\u00e9minents ing\u00e9nieurs et scientifiques sp\u00e9cialistes des glaces fluviales qui ont apport\u00e9 une contribution exceptionnelle et soutenue \u00e0 l\u2019avancement des sciences et de l\u2019ing\u00e9nierie des glaces fluviales au Canada.<\/p><p class=\"wp-block-post-excerpt__more-text\"><a class=\"wp-block-post-excerpt__more-link\" href=\"https:\/\/cripe.ca\/fr\/prix-et-distinctions\/michel\">En savoir plus<\/a><\/p><\/div><\/div>\n<\/div>\n\n\n\n<hr class=\"wp-block-separator has-alpha-channel-opacity is-style-wide\" style=\"margin-top:64px;margin-bottom:64px\"\/>\n\n<\/li><li class=\"wp-block-post post-2918 post type-post status-publish format-standard has-post-thumbnail hentry category-awards\">\n\n<div class=\"wp-block-columns is-layout-flex wp-container-core-columns-is-layout-d4273f21 wp-block-columns-is-layout-flex\">\n<div class=\"wp-block-column is-layout-flow wp-block-column-is-layout-flow\" style=\"flex-basis:35%\"><figure style=\"aspect-ratio:1;\" class=\"wp-block-post-featured-image\"><a href=\"https:\/\/cripe.ca\/fr\/prix-et-distinctions\/davar\" target=\"_self\"  ><img loading=\"lazy\" decoding=\"async\" width=\"350\" height=\"313\" src=\"https:\/\/cripe.ca\/wp-content\/uploads\/2022\/12\/Davar.jpg\" class=\"attachment-post-thumbnail size-post-thumbnail wp-post-image\" alt=\"Prix Kersi S. Davar\" style=\"width:100%;height:100%;object-fit:cover;\" srcset=\"https:\/\/cripe.ca\/wp-content\/uploads\/2022\/12\/Davar.jpg 350w, https:\/\/cripe.ca\/wp-content\/uploads\/2022\/12\/Davar-300x268.jpg 300w, https:\/\/cripe.ca\/wp-content\/uploads\/2022\/12\/Davar-13x12.jpg 13w\" sizes=\"auto, (max-width: 350px) 100vw, 350px\" \/><\/a><\/figure><\/div>\n\n\n\n<div class=\"wp-block-column is-vertically-aligned-center is-layout-flow wp-block-column-is-layout-flow\"><h3 class=\"wp-block-post-title\"><a href=\"https:\/\/cripe.ca\/fr\/prix-et-distinctions\/davar\" target=\"_self\" >Prix Kersi S. Davar<\/a><\/h3>\n\n<div style=\"margin-top:16px;\" class=\"wp-block-post-excerpt\"><p class=\"wp-block-post-excerpt__excerpt\">Le prix Kersi S. Davar a \u00e9t\u00e9 cr\u00e9\u00e9 par le Comit\u00e9 en 2009 afin de reconna\u00eetre et de perp\u00e9tuer le souvenir des contributions du Dr Kersi S. Davar au domaine de l'ing\u00e9nierie des glaces fluviales. Ce prix r\u00e9compense les ing\u00e9nieurs et scientifiques qui ont d\u00e9montr\u00e9 leur expertise en ing\u00e9nierie et en sciences des glaces fluviales par des applications pratiques b\u00e9n\u00e9fiques \u00e0 la soci\u00e9t\u00e9.<\/p><p class=\"wp-block-post-excerpt__more-text\"><a class=\"wp-block-post-excerpt__more-link\" href=\"https:\/\/cripe.ca\/fr\/prix-et-distinctions\/davar\">En savoir plus<\/a><\/p><\/div><\/div>\n<\/div>\n\n\n\n<hr class=\"wp-block-separator has-alpha-channel-opacity is-style-wide\" style=\"margin-top:64px;margin-bottom:64px\"\/>\n\n<\/li><li class=\"wp-block-post post-2922 post type-post status-publish format-standard has-post-thumbnail hentry category-awards\">\n\n<div class=\"wp-block-columns is-layout-flex wp-container-core-columns-is-layout-d4273f21 wp-block-columns-is-layout-flex\">\n<div class=\"wp-block-column is-layout-flow wp-block-column-is-layout-flow\" style=\"flex-basis:35%\"><figure style=\"aspect-ratio:1;\" class=\"wp-block-post-featured-image\"><a href=\"https:\/\/cripe.ca\/fr\/prix-et-distinctions\/gerard-medal\" target=\"_self\"  ><img loading=\"lazy\" decoding=\"async\" width=\"350\" height=\"313\" src=\"https:\/\/cripe.ca\/wp-content\/uploads\/2022\/12\/Gerard.jpg\" class=\"attachment-post-thumbnail size-post-thumbnail wp-post-image\" alt=\"M\u00e9daille G\u00e9rard\" style=\"width:100%;height:100%;object-fit:cover;\" srcset=\"https:\/\/cripe.ca\/wp-content\/uploads\/2022\/12\/Gerard.jpg 350w, https:\/\/cripe.ca\/wp-content\/uploads\/2022\/12\/Gerard-300x268.jpg 300w, https:\/\/cripe.ca\/wp-content\/uploads\/2022\/12\/Gerard-13x12.jpg 13w\" sizes=\"auto, (max-width: 350px) 100vw, 350px\" \/><\/a><\/figure><\/div>\n\n\n\n<div class=\"wp-block-column is-vertically-aligned-center is-layout-flow wp-block-column-is-layout-flow\"><h3 class=\"wp-block-post-title\"><a href=\"https:\/\/cripe.ca\/fr\/prix-et-distinctions\/gerard-medal\" target=\"_self\" >M\u00e9daille G\u00e9rard<\/a><\/h3>\n\n<div style=\"margin-top:16px;\" class=\"wp-block-post-excerpt\"><p class=\"wp-block-post-excerpt__excerpt\">La m\u00e9daille Gerard a \u00e9t\u00e9 cr\u00e9\u00e9e par le Comit\u00e9 en 1991 afin de reconna\u00eetre et de perp\u00e9tuer le souvenir des contributions du regrett\u00e9 Dr R. (Larry) Gerard au domaine de l'ing\u00e9nierie des glaces fluviales. Elle est d\u00e9cern\u00e9e \u00e0 l'auteur ou aux auteurs de la communication jug\u00e9e la meilleure parmi celles pr\u00e9sent\u00e9es lors de chaque atelier sur l'hydraulique des rivi\u00e8res englouties.<\/p><p class=\"wp-block-post-excerpt__more-text\"><a class=\"wp-block-post-excerpt__more-link\" href=\"https:\/\/cripe.ca\/fr\/prix-et-distinctions\/gerard-medal\">En savoir plus<\/a><\/p><\/div><\/div>\n<\/div>\n\n\n\n<hr class=\"wp-block-separator has-alpha-channel-opacity is-style-wide\" style=\"margin-top:64px;margin-bottom:64px\"\/>\n\n<\/li><\/ul>\n\n<\/div>","protected":false},"excerpt":{"rendered":"<p>Les trois prix prestigieux d\u00e9cern\u00e9s par le Comit\u00e9 r\u00e9compensent le travail exemplaire des chercheurs et des praticiens dans le domaine de l\u2019ing\u00e9nierie et des sciences de la glace fluviale.<\/p>","protected":false},"author":1,"featured_media":0,"parent":0,"menu_order":0,"comment_status":"closed","ping_status":"closed","template":"","meta":{"_acf_changed":false,"_gspb_post_css":"","footnotes":""},"class_list":["post-216","page","type-page","status-publish","hentry"],"acf":[],"_links":{"self":[{"href":"https:\/\/cripe.ca\/fr\/wp-json\/wp\/v2\/pages\/216","targetHints":{"allow":["GET"]}}],"collection":[{"href":"https:\/\/cripe.ca\/fr\/wp-json\/wp\/v2\/pages"}],"about":[{"href":"https:\/\/cripe.ca\/fr\/wp-json\/wp\/v2\/types\/page"}],"author":[{"embeddable":true,"href":"https:\/\/cripe.ca\/fr\/wp-json\/wp\/v2\/users\/1"}],"replies":[{"embeddable":true,"href":"https:\/\/cripe.ca\/fr\/wp-json\/wp\/v2\/comments?post=216"}],"version-history":[{"count":75,"href":"https:\/\/cripe.ca\/fr\/wp-json\/wp\/v2\/pages\/216\/revisions"}],"predecessor-version":[{"id":2931,"href":"https:\/\/cripe.ca\/fr\/wp-json\/wp\/v2\/pages\/216\/revisions\/2931"}],"wp:attachment":[{"href":"https:\/\/cripe.ca\/fr\/wp-json\/wp\/v2\/media?parent=216"}],"curies":[{"name":"wp","href":"https:\/\/api.w.org\/{rel}","templated":true}]}}